{"id":4612,"date":"2021-06-23T17:00:09","date_gmt":"2021-06-23T17:00:09","guid":{"rendered":"https:\/\/thenode.agency\/?page_id=4612"},"modified":"2023-08-31T14:22:28","modified_gmt":"2023-08-31T14:22:28","slug":"visualizacion-arquitectonica-3d","status":"publish","type":"page","link":"https:\/\/thenode.agency\/es\/school\/visualizacion-arquitectonica-3d\/","title":{"rendered":"CURSO Visualizaci\u00f3n Arquitect\u00f3nica 3D"},"content":{"rendered":"<div class=\"gap-element\" style=\"display:block; height:auto; padding-top:72px\"><\/div>\n<h2 class=\"uppercase\" style=\"text-align: center;\">VISUALIZACI\u00d3N ARQUIT\u00c9CTONICA 3D<\/h2>\n<h3 style=\"text-align: center;\"><b>Curso de Iniciaci\u00f3n &#8211; <\/b><b>Online\/Presencial<\/b><\/h3>\n<div class=\"row align-center\"  id=\"row-931904764\">\n<div class=\"col medium-9 small-9 large-9\"  ><div class=\"col-inner text-center\"  >\n\t<div class=\"img has-hover x md-x lg-x y md-y lg-y\" id=\"image_1709455960\">\n\t\t\t\t\t\t\t\t<div class=\"img-inner dark\" >\n\t\t\t<img fetchpriority=\"high\" decoding=\"async\" width=\"1020\" height=\"714\" src=\"https:\/\/thenode.agency\/wp-content\/uploads\/2023\/08\/BZW_Lake_Final_Nik3-1024x717.jpg\" class=\"attachment-large size-large\" alt=\"\" srcset=\"https:\/\/thenode.agency\/wp-content\/uploads\/2023\/08\/BZW_Lake_Final_Nik3-1024x717.jpg 1024w, https:\/\/thenode.agency\/wp-content\/uploads\/2023\/08\/BZW_Lake_Final_Nik3-300x210.jpg 300w, https:\/\/thenode.agency\/wp-content\/uploads\/2023\/08\/BZW_Lake_Final_Nik3-768x538.jpg 768w, https:\/\/thenode.agency\/wp-content\/uploads\/2023\/08\/BZW_Lake_Final_Nik3-1536x1075.jpg 1536w, https:\/\/thenode.agency\/wp-content\/uploads\/2023\/08\/BZW_Lake_Final_Nik3-18x12.jpg 18w, https:\/\/thenode.agency\/wp-content\/uploads\/2023\/08\/BZW_Lake_Final_Nik3-510x357.jpg 510w, https:\/\/thenode.agency\/wp-content\/uploads\/2023\/08\/BZW_Lake_Final_Nik3.jpg 2000w\" sizes=\"(max-width: 1020px) 100vw, 1020px\" \/>\t\t\t\t\t\t\n\t\t\t\t\t<\/div>\n\t\t\t\t\t\t\t\t\n<style scope=\"scope\">\n\n#image_1709455960 {\n  width: 100%;\n}\n<\/style>\n\t<\/div>\n\t\n<p>El curso de Visualizaci\u00f3n Arquitect\u00f3nica 3D Iniciaci\u00f3n tiene como objetivo formar en una disciplina con una gran proyecci\u00f3n de futuro. Herramienta necesaria para cualquier dise\u00f1ador y pilar fundamental para la presentaci\u00f3n y comprensi\u00f3n de proyectos de interiorismo, arquitectura, retail o producto.<\/p>\n<p>Introducci\u00f3n al espacio 3D. Herramientas b\u00e1sicas de modelado. Principios fundamentales de la fotograf\u00eda y composici\u00f3n. Fotograf\u00eda de Arquitectura y Fotograf\u00eda de Estudio. Configuraci\u00f3n de los motores de render. Coaching y motivaci\u00f3n sobre la disciplina de la Visualizaci\u00f3n 3D.<\/p>\n<p>Una metodolog\u00eda especializada donde el alumno aprender\u00e1 los conceptos b\u00e1sicos de fotograf\u00eda, modelado, iluminaci\u00f3n y postproducci\u00f3n; las t\u00e9cnicas de apoyo y las herramientas fundamentales para la presentaci\u00f3n de los proyectos de visualizaci\u00f3n 3D.<\/p>\n<div class=\"gap-element\" style=\"display:block; height:auto; padding-top:50px\"><\/div>\n<h3 style=\"text-align: left;\">CALENDARIO<\/h3>\n<p style=\"text-align: left;\">El horario del curso se desarrolla en <b>3h por d\u00eda<\/b>, repartidos en <b>20 d\u00edas lectivos (Lunes, Martes y Mi\u00e9rcoles de cada semana) y un total de 7 Semanas.<br \/>\n<\/b><\/p>\n<p style=\"text-align: left;\"><b><em>Pendiente de confirmaci\u00f3n para la fecha de inicio.<\/em><br \/>\n<\/b><\/p>\n<div class=\"gap-element\" style=\"display:block; height:auto; padding-top:50px\"><\/div>\n<h3 style=\"text-align: left;\">DIN\u00c1MICA DEL CURSO<\/h3>\n<p style=\"text-align: left;\">Cada semana coincidir\u00e1 con la teor\u00eda de un apartado del temario. Y dejaremos la parte pr\u00e1ctica para ser desarrollada en casa.<\/p>\n<p style=\"text-align: left;\">Se realizar\u00e1n peque\u00f1os proyectos semanales o cada dos semanas donde se plasmar\u00e1n los conocimientos aprendidos.<\/p>\n<p style=\"text-align: left;\">Los proyectos o tareas se desarrollar\u00e1n una parte peque\u00f1a en clase, suficientemente larga para poder aplicar la teor\u00eda aprendida y otra parte mayor en casa, teniendo siempre de Mi\u00e9rcoles a Lunes (5-6 d\u00edas) para la realizaci\u00f3n del mismo.<\/p>\n<p>Todo el alumnado desarrollar\u00e1 el mismo proyecto por semana, para poder plasmar en clase los resultados obtenidos y comparar los diferentes proyectos e im\u00e1genes.<\/p>\n<div class=\"gap-element\" style=\"display:block; height:auto; padding-top:50px\"><\/div>\n<h3 class=\"accordion_title\">PROGRAMA LECTIVO: Lunes, Martes, Mi\u00e9rcoles - 3h\/d\u00eda<\/h3><div class=\"accordion\" rel=\"1\">\n<div class=\"accordion-item\"><a href=\"#\" class=\"accordion-title plain\"><button class=\"toggle\"><i class=\"icon-angle-down\"><\/i><\/button><span>1\u00aa SEMANA Introducci\u00f3n.<\/span><\/a><div class=\"accordion-inner\">\n<ul>\n<li style=\"text-align: left;\"><b>D\u00eda 1: <\/b>Introducci\u00f3n. La disciplina de la visualizaci\u00f3n 3D. Historia del Software. Introducci\u00f3n a los motores de Render V-Ray y Corona. Elementos del Hardware. Equipos de trabajo.<\/li>\n<li style=\"text-align: left;\"><b>D\u00eda 2: <\/b>Espacio 3D. Configuraci\u00f3n del Software. Unidades. Configuraci\u00f3n de Viewports. Espacio de color Lineal (Linear Workflow). Interface del Software. Flujo de trabajo. Archivos. Importaci\u00f3n. Exportaci\u00f3n. Men\u00fas. Barras de herramientas. Paneles. Capas. Editores.<\/li>\n<li style=\"text-align: left;\"><b>D\u00eda 3: <\/b>Introducci\u00f3n al modelado. Creaci\u00f3n de Objetos. Propiedades de los objetos. Primitivas Standard. Primitivas Extendidas. Objetos de composici\u00f3n. Par\u00e1metros. Herramientas de transformaci\u00f3n. Selecci\u00f3n.<\/li>\n<\/ul>\n<\/div><\/div>\n<div class=\"accordion-item\"><a href=\"#\" class=\"accordion-title plain\"><button class=\"toggle\"><i class=\"icon-angle-down\"><\/i><\/button><span>2\u00aa SEMANA Modelado B\u00e1sico.<\/span><\/a><div class=\"accordion-inner\">\n<ul>\n<li style=\"text-align: left;\"><b>D\u00eda 4: <\/b>Herramientas de dibujo. Splines y formas b\u00e1sicas.<\/li>\n<li style=\"text-align: left;\"><b>D\u00eda 5: <\/b>Modelado Arquitect\u00f3nico. Modificadores de splines. Extrusi\u00f3n. Sweep. Turbosmooth. Shell. Push. Noise. Cloth. Lathe. Displacement.<\/li>\n<li style=\"text-align: left;\"><b>D\u00eda 6: <\/b>Modelado Poligonal. Freeform. Detallado de Mallas poligonales.<\/li>\n<\/ul>\n<\/div><\/div>\n<div class=\"accordion-item\"><a href=\"#\" class=\"accordion-title plain\"><button class=\"toggle\"><i class=\"icon-angle-down\"><\/i><\/button><span>3\u00aa SEMANA Materiales.<\/span><\/a><div class=\"accordion-inner\">\n<ul>\n<li style=\"text-align: left;\"><b>D\u00eda 7: <\/b>Introducci\u00f3n a los Materiales. Materiales b\u00e1sicos. Mapas procedurales. Mapas de bits.<\/li>\n<li style=\"text-align: left;\"><b>D\u00eda 8: <\/b>Creaci\u00f3n de materiales espec\u00edficos. Metales. Maderas. Cer\u00e1micos. Vidrio. Agua.<\/li>\n<li style=\"text-align: left;\"><b>D\u00eda 9: <\/b>Coordenadas e ID. UVW Map. Unwrap UVW. Entornos y Background.<\/li>\n<\/ul>\n<\/div><\/div>\n<div class=\"accordion-item\"><a href=\"#\" class=\"accordion-title plain\"><button class=\"toggle\"><i class=\"icon-angle-down\"><\/i><\/button><span>4\u00aa SEMANA Objetos de la Escena.<\/span><\/a><div class=\"accordion-inner\">\n<ul>\n<li style=\"text-align: left;\"><b>D\u00eda 10: <\/b>Objetos de la escena + Proxies. Mobiliario. Vegetaci\u00f3n. Decoraci\u00f3n.<\/li>\n<li style=\"text-align: left;\"><b>D\u00eda 11: <\/b>Modelado de Producto. Modelado Avanzado. Blueprints.<\/li>\n<\/ul>\n<\/div><\/div>\n<div class=\"accordion-item\"><a href=\"#\" class=\"accordion-title plain\"><button class=\"toggle\"><i class=\"icon-angle-down\"><\/i><\/button><span>5\u00aa SEMANA Iluminaci\u00f3n.<\/span><\/a><div class=\"accordion-inner\">\n<ul>\n<li style=\"text-align: left;\"><b>D\u00eda 12: <\/b>Configuraci\u00f3n B\u00e1sica del motor de Render. Render para an\u00e1lisis de Iluminaci\u00f3n. T\u00e9cnicas de Iluminaci\u00f3n para Escenas Exteriores e Interiores.<\/li>\n<li style=\"text-align: left;\"><b>D\u00eda 13: <\/b>Introducci\u00f3n Luces. Luces Vray o Corona. Luces fotom\u00e9tricas. Luces IES. Luces HDRI.<\/li>\n<li style=\"text-align: left;\"><b>D\u00eda 14: <\/b>Balance de Iluminaci\u00f3n. Balance de temperatura. Iluminaci\u00f3n diurna. Iluminaci\u00f3n nocturna. Luces de relleno. C\u00e1usticas.<\/li>\n<\/ul>\n<\/div><\/div>\n<div class=\"accordion-item\"><a href=\"#\" class=\"accordion-title plain\"><button class=\"toggle\"><i class=\"icon-angle-down\"><\/i><\/button><span>6\u00aa SEMANA C\u00e1maras.<\/span><\/a><div class=\"accordion-inner\">\n<ul>\n<li style=\"text-align: left;\"><b>D\u00eda 15: <\/b>Fotograf\u00eda. Principios fundamentales de fotograf\u00eda. C\u00e1mara DSLR.<\/li>\n<li style=\"text-align: left;\"><b>D\u00eda 16: <\/b>C\u00e1maras. Uso de C\u00e1mara F\u00edsica. Encuadre. Exposici\u00f3n. Profundidad de campo. Ruido. C\u00e1mara Fija-C\u00e1mara Movimiento. Formato de imagen. Tama\u00f1o de imagen.<\/li>\n<li style=\"text-align: left;\"><b>D\u00eda 17: <\/b>Fotograf\u00eda de Arquitectura y Fotograf\u00eda de Estudio. Reglas de Composici\u00f3n. Relaci\u00f3n entre Luz-Geometr\u00eda-Sombras. Balance de Blancos.<\/li>\n<\/ul>\n<\/div><\/div>\n<div class=\"accordion-item\"><a href=\"#\" class=\"accordion-title plain\"><button class=\"toggle\"><i class=\"icon-angle-down\"><\/i><\/button><span>7\u00aa SEMANA Motor de Render + Postproducci\u00f3n.<\/span><\/a><div class=\"accordion-inner\">\n<ul>\n<li style=\"text-align: left;\"><b>D\u00eda 18: <\/b>Introducci\u00f3n al Motor de Render. Formatos de Salida. Formato de imagen.<\/li>\n<li style=\"text-align: left;\"><b>D\u00eda 19: <\/b>Par\u00e1metros del Motor de Render. Configuraci\u00f3n de Render Elements.<\/li>\n<li style=\"text-align: left;\"><b>D\u00eda 20: <\/b>Introducci\u00f3n a la Postproducci\u00f3n. Postproducci\u00f3n b\u00e1sica con Photoshop. Correcci\u00f3n de Color. Ajustes con Render Elements. Efectos de imagen.<\/li>\n<\/ul>\n<\/div><\/div>\n<\/div>\n<div class=\"gap-element\" style=\"display:block; height:auto; padding-top:50px\"><\/div>\n<a class=\"button primary\"  >\n    <span>RESERVA TU PLAZA<\/span>\n  <\/a>\n\n<\/div><\/div>\n<div class=\"col medium-3 small-12 large-3 small-col-first\"  ><div class=\"col-inner text-left\" style=\"background-color:rgb(245, 245, 245);\" >\n<h4 style=\"text-align: center;\">GENERAL<\/h4>\n<ul>\n<li>Nombre del Curso:<br \/><b>Visualizaci\u00f3n Arquitect\u00f3nica 3D &#8211; Iniciaci\u00f3n <\/b><\/li>\n<li>Profesor:<br \/><b>Pablo Belenguer\u00a0<\/b><\/li>\n<li>Duraci\u00f3n del Curso:<br \/><b>60 Horas\u00a0<\/b><\/li>\n<li>Plazas disponibles:<br \/><b>8-15 alumnos\u00a0<\/b><\/li>\n<li>Modalidad:<br \/><b>Online\/Presencial (Por confirmar con Director Curso)\u00a0<\/b><\/li>\n<li>D\u00edas Lectivos:<br \/><b>Lunes, Martes, Mi\u00e9rcoles\u00a0<\/b><\/li>\n<li>Horario:<br \/><b>17-21H\u00a0<\/b><\/li>\n<li>Inicio del Curso:<br \/><b>Octubre 2023 (Inicio del curso al completar de plazas m\u00ednimas disponibles) <\/b><\/li>\n<li>Fin del curso:<br \/><b>Febrero 2023<br \/><\/b><\/li>\n<li>Coste del curso:<br \/><b>\u00a0+ Info en el boton de abajo<\/b><\/li>\n<li>Software:<br \/><b>3ds Max + Motor de Render Corona + Photoshop <\/b><\/li>\n<\/ul>\n<div class=\"gap-element\" style=\"display:block; height:auto; padding-top:30px\"><\/div>\n<div class=\"social-icons share-icons share-row relative icon-style-small full-width text-center\" style=\"font-size:122%\"><a href=\"whatsapp:\/\/send?text=CURSO%20Visualizaci%C3%B3n%20Arquitect%C3%B3nica%203D - https:\/\/thenode.agency\/es\/school\/visualizacion-arquitectonica-3d\/\" data-action=\"share\/whatsapp\/share\" class=\"icon plain tooltip whatsapp show-for-medium\" title=\"Share on WhatsApp\"><i class=\"icon-phone\"><\/i><\/a><a href=\"\/\/www.facebook.com\/sharer.php?u=https:\/\/thenode.agency\/es\/school\/visualizacion-arquitectonica-3d\/\" data-label=\"Facebook\" onclick=\"window.open(this.href,this.title,'width=500,height=500,top=300px,left=300px');  return false;\" rel=\"noopener noreferrer nofollow\" target=\"_blank\" class=\"icon plain tooltip facebook\" title=\"Compartir en Facebook\"><i class=\"icon-facebook\" ><\/i><\/a><a href=\"\/\/twitter.com\/share?url=https:\/\/thenode.agency\/es\/school\/visualizacion-arquitectonica-3d\/\" onclick=\"window.open(this.href,this.title,'width=500,height=500,top=300px,left=300px');  return false;\" rel=\"noopener noreferrer nofollow\" target=\"_blank\" class=\"icon plain tooltip twitter\" title=\"Compartir en Twitter\"><i class=\"icon-twitter\" ><\/i><\/a><a href=\"mailto:enteryour@addresshere.com?subject=CURSO%20Visualizaci%C3%B3n%20Arquitect%C3%B3nica%203D&amp;body=Check%20this%20out:%20https:\/\/thenode.agency\/es\/school\/visualizacion-arquitectonica-3d\/\" rel=\"nofollow\" class=\"icon plain tooltip email\" title=\"Env\u00eda por email\"><i class=\"icon-envelop\" ><\/i><\/a><a href=\"\/\/pinterest.com\/pin\/create\/button\/?url=https:\/\/thenode.agency\/es\/school\/visualizacion-arquitectonica-3d\/&amp;media=&amp;description=CURSO%20Visualizaci%C3%B3n%20Arquitect%C3%B3nica%203D\" onclick=\"window.open(this.href,this.title,'width=500,height=500,top=300px,left=300px');  return false;\" rel=\"noopener noreferrer nofollow\" target=\"_blank\" class=\"icon plain tooltip pinterest\" title=\"Pinear en Pinterest\"><i class=\"icon-pinterest\" ><\/i><\/a><a href=\"\/\/www.linkedin.com\/shareArticle?mini=true&url=https:\/\/thenode.agency\/es\/school\/visualizacion-arquitectonica-3d\/&title=CURSO%20Visualizaci%C3%B3n%20Arquitect%C3%B3nica%203D\" onclick=\"window.open(this.href,this.title,'width=500,height=500,top=300px,left=300px');  return false;\"  rel=\"noopener noreferrer nofollow\" target=\"_blank\" class=\"icon plain tooltip linkedin\" title=\"Share on LinkedIn\"><i class=\"icon-linkedin\" ><\/i><\/a><a href=\"\/\/tumblr.com\/widgets\/share\/tool?canonicalUrl=https:\/\/thenode.agency\/es\/school\/visualizacion-arquitectonica-3d\/\" target=\"_blank\" class=\"icon plain tooltip tumblr\" onclick=\"window.open(this.href,this.title,'width=500,height=500,top=300px,left=300px');  return false;\"  rel=\"noopener noreferrer nofollow\" title=\"Compartir en Tumblr\"><i class=\"icon-tumblr\" ><\/i><\/a><\/div>\n<div class=\"gap-element\" style=\"display:block; height:auto; padding-top:30px\"><\/div>\n<a rel=\"noopener noreferrer\" href=\"mailto:school@thenode.agency\" target=\"_blank\" class=\"button primary expand\"  >\n    <span>reserva tu plaza<\/span>\n  <\/a>\n\n<\/div><\/div>\n\n<style scope=\"scope\">\n\n<\/style>\n<\/div>","protected":false},"excerpt":{"rendered":"<p>VISUALIZACI\u00d3N ARQUIT\u00c9CTONICA 3D Curso de Iniciaci\u00f3n &#8211; Online\/Presencial<\/p>","protected":false},"author":9,"featured_media":0,"parent":4285,"menu_order":1,"comment_status":"closed","ping_status":"closed","template":"page-single-page-nav.php","meta":{"_exactmetrics_skip_tracking":false,"_exactmetrics_sitenote_active":false,"_exactmetrics_sitenote_note":"","_exactmetrics_sitenote_category":0,"__cvm_playback_settings":[],"__cvm_video_id":"","footnotes":""},"class_list":["post-4612","page","type-page","status-publish","hentry"],"yoast_head":"<!-- This site is optimized with the Yoast SEO plugin v25.7 - https:\/\/yoast.com\/wordpress\/plugins\/seo\/ -->\n<title>CURSO Visualizaci\u00f3n Arquitect\u00f3nica 3D - The Node Agency<\/title>\n<meta name=\"robots\" content=\"index, follow, max-snippet:-1, max-image-preview:large, max-video-preview:-1\" \/>\n<link rel=\"canonical\" href=\"https:\/\/thenode.agency\/es\/school\/visualizacion-arquitectonica-3d\/\" \/>\n<meta property=\"og:locale\" content=\"es_ES\" \/>\n<meta property=\"og:type\" content=\"article\" \/>\n<meta property=\"og:title\" content=\"CURSO Visualizaci\u00f3n Arquitect\u00f3nica 3D - The Node Agency\" \/>\n<meta property=\"og:description\" content=\"VISUALIZACI\u00d3N ARQUIT\u00c9CTONICA 3D Curso de Iniciaci\u00f3n &#8211; Online\/Presencial\" \/>\n<meta property=\"og:url\" content=\"https:\/\/thenode.agency\/es\/school\/visualizacion-arquitectonica-3d\/\" \/>\n<meta property=\"og:site_name\" content=\"The Node Agency\" \/>\n<meta property=\"article:publisher\" content=\"https:\/\/www.facebook.com\/thenode.agency\" \/>\n<meta property=\"article:modified_time\" content=\"2023-08-31T14:22:28+00:00\" \/>\n<meta name=\"twitter:card\" content=\"summary_large_image\" \/>\n<meta name=\"twitter:label1\" content=\"Tiempo de lectura\" \/>\n\t<meta name=\"twitter:data1\" content=\"4 minutos\" \/>\n<script type=\"application\/ld+json\" class=\"yoast-schema-graph\">{\"@context\":\"https:\/\/schema.org\",\"@graph\":[{\"@type\":\"WebPage\",\"@id\":\"https:\/\/thenode.agency\/school\/visualizacion-arquitectonica-3d\/\",\"url\":\"https:\/\/thenode.agency\/school\/visualizacion-arquitectonica-3d\/\",\"name\":\"CURSO Visualizaci\u00f3n Arquitect\u00f3nica 3D - The Node Agency\",\"isPartOf\":{\"@id\":\"https:\/\/thenode.agency\/#website\"},\"datePublished\":\"2021-06-23T17:00:09+00:00\",\"dateModified\":\"2023-08-31T14:22:28+00:00\",\"breadcrumb\":{\"@id\":\"https:\/\/thenode.agency\/school\/visualizacion-arquitectonica-3d\/#breadcrumb\"},\"inLanguage\":\"es\",\"potentialAction\":[{\"@type\":\"ReadAction\",\"target\":[\"https:\/\/thenode.agency\/school\/visualizacion-arquitectonica-3d\/\"]}]},{\"@type\":\"BreadcrumbList\",\"@id\":\"https:\/\/thenode.agency\/school\/visualizacion-arquitectonica-3d\/#breadcrumb\",\"itemListElement\":[{\"@type\":\"ListItem\",\"position\":1,\"name\":\"Home\",\"item\":\"https:\/\/thenode.agency\/\"},{\"@type\":\"ListItem\",\"position\":2,\"name\":\"School\",\"item\":\"https:\/\/thenode.agency\/school\/\"},{\"@type\":\"ListItem\",\"position\":3,\"name\":\"CURSO Visualizaci\u00f3n Arquitect\u00f3nica 3D\"}]},{\"@type\":\"WebSite\",\"@id\":\"https:\/\/thenode.agency\/#website\",\"url\":\"https:\/\/thenode.agency\/\",\"name\":\"The Node Agency\",\"description\":\"Architectural Visualization Studio\",\"potentialAction\":[{\"@type\":\"SearchAction\",\"target\":{\"@type\":\"EntryPoint\",\"urlTemplate\":\"https:\/\/thenode.agency\/?s={search_term_string}\"},\"query-input\":{\"@type\":\"PropertyValueSpecification\",\"valueRequired\":true,\"valueName\":\"search_term_string\"}}],\"inLanguage\":\"es\"}]}<\/script>\n<!-- \/ Yoast SEO plugin. -->","yoast_head_json":{"title":"CURSO Visualizaci\u00f3n Arquitect\u00f3nica 3D - The Node Agency","robots":{"index":"index","follow":"follow","max-snippet":"max-snippet:-1","max-image-preview":"max-image-preview:large","max-video-preview":"max-video-preview:-1"},"canonical":"https:\/\/thenode.agency\/es\/school\/visualizacion-arquitectonica-3d\/","og_locale":"es_ES","og_type":"article","og_title":"CURSO Visualizaci\u00f3n Arquitect\u00f3nica 3D - The Node Agency","og_description":"VISUALIZACI\u00d3N ARQUIT\u00c9CTONICA 3D Curso de Iniciaci\u00f3n &#8211; Online\/Presencial","og_url":"https:\/\/thenode.agency\/es\/school\/visualizacion-arquitectonica-3d\/","og_site_name":"The Node Agency","article_publisher":"https:\/\/www.facebook.com\/thenode.agency","article_modified_time":"2023-08-31T14:22:28+00:00","twitter_card":"summary_large_image","twitter_misc":{"Tiempo de lectura":"4 minutos"},"schema":{"@context":"https:\/\/schema.org","@graph":[{"@type":"WebPage","@id":"https:\/\/thenode.agency\/school\/visualizacion-arquitectonica-3d\/","url":"https:\/\/thenode.agency\/school\/visualizacion-arquitectonica-3d\/","name":"CURSO Visualizaci\u00f3n Arquitect\u00f3nica 3D - The Node Agency","isPartOf":{"@id":"https:\/\/thenode.agency\/#website"},"datePublished":"2021-06-23T17:00:09+00:00","dateModified":"2023-08-31T14:22:28+00:00","breadcrumb":{"@id":"https:\/\/thenode.agency\/school\/visualizacion-arquitectonica-3d\/#breadcrumb"},"inLanguage":"es","potentialAction":[{"@type":"ReadAction","target":["https:\/\/thenode.agency\/school\/visualizacion-arquitectonica-3d\/"]}]},{"@type":"BreadcrumbList","@id":"https:\/\/thenode.agency\/school\/visualizacion-arquitectonica-3d\/#breadcrumb","itemListElement":[{"@type":"ListItem","position":1,"name":"Home","item":"https:\/\/thenode.agency\/"},{"@type":"ListItem","position":2,"name":"School","item":"https:\/\/thenode.agency\/school\/"},{"@type":"ListItem","position":3,"name":"CURSO Visualizaci\u00f3n Arquitect\u00f3nica 3D"}]},{"@type":"WebSite","@id":"https:\/\/thenode.agency\/#website","url":"https:\/\/thenode.agency\/","name":"The Node Agency","description":"Architectural Visualization Studio","potentialAction":[{"@type":"SearchAction","target":{"@type":"EntryPoint","urlTemplate":"https:\/\/thenode.agency\/?s={search_term_string}"},"query-input":{"@type":"PropertyValueSpecification","valueRequired":true,"valueName":"search_term_string"}}],"inLanguage":"es"}]}},"_links":{"self":[{"href":"https:\/\/thenode.agency\/es\/wp-json\/wp\/v2\/pages\/4612","targetHints":{"allow":["GET"]}}],"collection":[{"href":"https:\/\/thenode.agency\/es\/wp-json\/wp\/v2\/pages"}],"about":[{"href":"https:\/\/thenode.agency\/es\/wp-json\/wp\/v2\/types\/page"}],"author":[{"embeddable":true,"href":"https:\/\/thenode.agency\/es\/wp-json\/wp\/v2\/users\/9"}],"replies":[{"embeddable":true,"href":"https:\/\/thenode.agency\/es\/wp-json\/wp\/v2\/comments?post=4612"}],"version-history":[{"count":10,"href":"https:\/\/thenode.agency\/es\/wp-json\/wp\/v2\/pages\/4612\/revisions"}],"predecessor-version":[{"id":4811,"href":"https:\/\/thenode.agency\/es\/wp-json\/wp\/v2\/pages\/4612\/revisions\/4811"}],"up":[{"embeddable":true,"href":"https:\/\/thenode.agency\/es\/wp-json\/wp\/v2\/pages\/4285"}],"wp:attachment":[{"href":"https:\/\/thenode.agency\/es\/wp-json\/wp\/v2\/media?parent=4612"}],"curies":[{"name":"wp","href":"https:\/\/api.w.org\/{rel}","templated":true}]}}